{"id":13,"date":"2019-10-22T10:26:53","date_gmt":"2019-10-22T07:26:53","guid":{"rendered":"http:\/\/siskim.com\/silis-kum\/?page_id=13"},"modified":"2019-11-02T02:08:38","modified_gmt":"2019-11-01T23:08:38","slug":"urunlerimiz","status":"publish","type":"page","link":"http:\/\/siskim.com\/silis-kum\/urunlerimiz\/","title":{"rendered":"\u00dcr\u00fcnlerimiz"},"content":{"rendered":"<div data-align-buttons=\"true\" data-block-name=\"woocommerce\/product-category\" data-categories=\"[19]\" data-edit-mode=\"false\" data-rows=\"6\" class=\"wc-block-grid wp-block-product-category wp-block-woocommerce-product-category wc-block-product-category has-3-columns has-multiple-rows has-aligned-buttons\"><ul class=\"wc-block-grid__products\"><li class=\"wc-block-grid__product\">\n\t\t\t\t<a href=\"http:\/\/siskim.com\/silis-kum\/product\/super-fayans-ve-seramik-yapistiricisi\/\" class=\"wc-block-grid__product-link\">\n\t\t\t\t\t\n\t\t\t\t\t<div class=\"wc-block-grid__product-image\"><img loading=\"lazy\" decoding=\"async\" width=\"200\" height=\"283\" src=\"http:\/\/siskim.com\/silis-kum\/wp-content\/uploads\/2019\/11\/siskim-silis-kum-akvaryum-kumu-2.jpg\" class=\"attachment-woocommerce_thumbnail size-woocommerce_thumbnail\" alt=\"S\u00fcper Fayans ve Seramik Yap\u0131\u015ft\u0131r\u0131c\u0131s\u0131\" \/><\/div>\n\t\t\t\t\t<div class=\"wc-block-grid__product-title\">S\u00fcper Fayans ve Seramik Yap\u0131\u015ft\u0131r\u0131c\u0131s\u0131<\/div>\n\t\t\t\t<\/a>\n\t\t\t\t<div class=\"wc-block-grid__product-price price\"><\/div>\n\t\t\t\t\n\t\t\t\t<div class=\"wp-block-button wc-block-grid__product-add-to-cart\"><a href=\"http:\/\/siskim.com\/silis-kum\/product\/super-fayans-ve-seramik-yapistiricisi\/\" aria-label=\"&ldquo;S\u00fcper Fayans ve Seramik Yap\u0131\u015ft\u0131r\u0131c\u0131s\u0131&rdquo; hakk\u0131nda daha fazla bilgi edinin\" data-quantity=\"1\" data-product_id=\"200\" data-product_sku=\"\" data-price=\"0\" rel=\"nofollow\" class=\"wp-block-button__link  add_to_cart_button\">Devam\u0131n\u0131 oku<\/a><\/div>\n\t\t\t<\/li><li class=\"wc-block-grid__product\">\n\t\t\t\t<a href=\"http:\/\/siskim.com\/silis-kum\/product\/elyafli-isi-yalitim-levha-sivasi\/\" class=\"wc-block-grid__product-link\">\n\t\t\t\t\t\n\t\t\t\t\t<div class=\"wc-block-grid__product-image\"><img loading=\"lazy\" decoding=\"async\" width=\"199\" height=\"283\" src=\"http:\/\/siskim.com\/silis-kum\/wp-content\/uploads\/2019\/11\/siskim-silis-kum-akvaryum-kumu-6.jpg\" class=\"attachment-woocommerce_thumbnail size-woocommerce_thumbnail\" alt=\"Elyafl\u0131 Is\u0131 Yal\u0131t\u0131m Levha S\u0131vas\u0131\" \/><\/div>\n\t\t\t\t\t<div class=\"wc-block-grid__product-title\">Elyafl\u0131 Is\u0131 Yal\u0131t\u0131m Levha S\u0131vas\u0131<\/div>\n\t\t\t\t<\/a>\n\t\t\t\t<div class=\"wc-block-grid__product-price price\"><\/div>\n\t\t\t\t\n\t\t\t\t<div class=\"wp-block-button wc-block-grid__product-add-to-cart\"><a href=\"http:\/\/siskim.com\/silis-kum\/product\/elyafli-isi-yalitim-levha-sivasi\/\" aria-label=\"&ldquo;Elyafl\u0131 Is\u0131 Yal\u0131t\u0131m Levha S\u0131vas\u0131&rdquo; hakk\u0131nda daha fazla bilgi edinin\" data-quantity=\"1\" data-product_id=\"186\" data-product_sku=\"\" data-price=\"0\" rel=\"nofollow\" class=\"wp-block-button__link  add_to_cart_button\">Devam\u0131n\u0131 oku<\/a><\/div>\n\t\t\t<\/li><li class=\"wc-block-grid__product\">\n\t\t\t\t<a href=\"http:\/\/siskim.com\/silis-kum\/product\/isi-yalitim-levha-yapistirici\/\" class=\"wc-block-grid__product-link\">\n\t\t\t\t\t\n\t\t\t\t\t<div class=\"wc-block-grid__product-image\"><img loading=\"lazy\" decoding=\"async\" width=\"200\" height=\"282\" src=\"http:\/\/siskim.com\/silis-kum\/wp-content\/uploads\/2019\/11\/siskim-silis-kum-akvaryum-kumu-5.jpg\" class=\"attachment-woocommerce_thumbnail size-woocommerce_thumbnail\" alt=\"Is\u0131 Yal\u0131t\u0131m Levha Yap\u0131\u015ft\u0131r\u0131c\u0131\" \/><\/div>\n\t\t\t\t\t<div class=\"wc-block-grid__product-title\">Is\u0131 Yal\u0131t\u0131m Levha Yap\u0131\u015ft\u0131r\u0131c\u0131<\/div>\n\t\t\t\t<\/a>\n\t\t\t\t<div class=\"wc-block-grid__product-price price\"><\/div>\n\t\t\t\t\n\t\t\t\t<div class=\"wp-block-button wc-block-grid__product-add-to-cart\"><a href=\"http:\/\/siskim.com\/silis-kum\/product\/isi-yalitim-levha-yapistirici\/\" aria-label=\"&ldquo;Is\u0131 Yal\u0131t\u0131m Levha Yap\u0131\u015ft\u0131r\u0131c\u0131&rdquo; hakk\u0131nda daha fazla bilgi edinin\" data-quantity=\"1\" data-product_id=\"180\" data-product_sku=\"\" data-price=\"0\" rel=\"nofollow\" class=\"wp-block-button__link  add_to_cart_button\">Devam\u0131n\u0131 oku<\/a><\/div>\n\t\t\t<\/li><li class=\"wc-block-grid__product\">\n\t\t\t\t<a href=\"http:\/\/siskim.com\/silis-kum\/product\/beton-yuzey-sertlestirici\/\" class=\"wc-block-grid__product-link\">\n\t\t\t\t\t\n\t\t\t\t\t<div class=\"wc-block-grid__product-image\"><img loading=\"lazy\" decoding=\"async\" width=\"200\" height=\"282\" src=\"http:\/\/siskim.com\/silis-kum\/wp-content\/uploads\/2019\/11\/siskim-silis-kum-akvaryum-kumu-17.jpg\" class=\"attachment-woocommerce_thumbnail size-woocommerce_thumbnail\" alt=\"Beton Y\u00fczey Sertle\u015ftirici\" \/><\/div>\n\t\t\t\t\t<div class=\"wc-block-grid__product-title\">Beton Y\u00fczey Sertle\u015ftirici<\/div>\n\t\t\t\t<\/a>\n\t\t\t\t<div class=\"wc-block-grid__product-price price\"><\/div>\n\t\t\t\t\n\t\t\t\t<div class=\"wp-block-button wc-block-grid__product-add-to-cart\"><a href=\"http:\/\/siskim.com\/silis-kum\/product\/beton-yuzey-sertlestirici\/\" aria-label=\"&ldquo;Beton Y\u00fczey Sertle\u015ftirici&rdquo; hakk\u0131nda daha fazla bilgi edinin\" data-quantity=\"1\" data-product_id=\"175\" data-product_sku=\"\" data-price=\"0\" rel=\"nofollow\" class=\"wp-block-button__link  add_to_cart_button\">Devam\u0131n\u0131 oku<\/a><\/div>\n\t\t\t<\/li><li class=\"wc-block-grid__product\">\n\t\t\t\t<a href=\"http:\/\/siskim.com\/silis-kum\/product\/super-elastik-iki-bilesenli-su-izolasyon-malzemesi\/\" class=\"wc-block-grid__product-link\">\n\t\t\t\t\t\n\t\t\t\t\t<div class=\"wc-block-grid__product-image\"><img loading=\"lazy\" decoding=\"async\" width=\"200\" height=\"185\" src=\"http:\/\/siskim.com\/silis-kum\/wp-content\/uploads\/2019\/11\/siskim-silis-kum-akvaryum-kumu-15.jpg\" class=\"attachment-woocommerce_thumbnail size-woocommerce_thumbnail\" alt=\"S\u00fcper Elastik \u0130ki Bile\u015fenli Su \u0130zolasyon Malzemesi\" \/><\/div>\n\t\t\t\t\t<div class=\"wc-block-grid__product-title\">S\u00fcper Elastik \u0130ki Bile\u015fenli Su \u0130zolasyon Malzemesi<\/div>\n\t\t\t\t<\/a>\n\t\t\t\t<div class=\"wc-block-grid__product-price price\"><\/div>\n\t\t\t\t\n\t\t\t\t<div class=\"wp-block-button wc-block-grid__product-add-to-cart\"><a href=\"http:\/\/siskim.com\/silis-kum\/product\/super-elastik-iki-bilesenli-su-izolasyon-malzemesi\/\" aria-label=\"&ldquo;S\u00fcper Elastik \u0130ki Bile\u015fenli Su \u0130zolasyon Malzemesi&rdquo; hakk\u0131nda daha fazla bilgi edinin\" data-quantity=\"1\" data-product_id=\"170\" data-product_sku=\"\" data-price=\"0\" rel=\"nofollow\" class=\"wp-block-button__link  add_to_cart_button\">Devam\u0131n\u0131 oku<\/a><\/div>\n\t\t\t<\/li><li class=\"wc-block-grid__product\">\n\t\t\t\t<a href=\"http:\/\/siskim.com\/silis-kum\/product\/flex-yuksek-performansli-granit-karo-mermer-seramik-yapistiricisi\/\" class=\"wc-block-grid__product-link\">\n\t\t\t\t\t\n\t\t\t\t\t<div class=\"wc-block-grid__product-image\"><img loading=\"lazy\" decoding=\"async\" width=\"200\" height=\"285\" src=\"http:\/\/siskim.com\/silis-kum\/wp-content\/uploads\/2019\/10\/siskim-silis-kum-akvaryum-kumu-3-3.jpg\" class=\"attachment-woocommerce_thumbnail size-woocommerce_thumbnail\" alt=\"Flex Y\u00fcksek Performansl\u0131 Granit Karo Mermer Seramik Yap\u0131\u015ft\u0131r\u0131c\u0131s\u0131\" \/><\/div>\n\t\t\t\t\t<div class=\"wc-block-grid__product-title\">Flex Y\u00fcksek Performansl\u0131 Granit Karo Mermer Seramik Yap\u0131\u015ft\u0131r\u0131c\u0131s\u0131<\/div>\n\t\t\t\t<\/a>\n\t\t\t\t<div class=\"wc-block-grid__product-price price\"><\/div>\n\t\t\t\t\n\t\t\t\t<div class=\"wp-block-button wc-block-grid__product-add-to-cart\"><a href=\"http:\/\/siskim.com\/silis-kum\/product\/flex-yuksek-performansli-granit-karo-mermer-seramik-yapistiricisi\/\" aria-label=\"&ldquo;Flex Y\u00fcksek Performansl\u0131 Granit Karo Mermer Seramik Yap\u0131\u015ft\u0131r\u0131c\u0131s\u0131&rdquo; hakk\u0131nda daha fazla bilgi edinin\" data-quantity=\"1\" data-product_id=\"164\" data-product_sku=\"\" data-price=\"0\" rel=\"nofollow\" class=\"wp-block-button__link  add_to_cart_button\">Devam\u0131n\u0131 oku<\/a><\/div>\n\t\t\t<\/li><li class=\"wc-block-grid__product\">\n\t\t\t\t<a href=\"http:\/\/siskim.com\/silis-kum\/product\/tamir-harci\/\" class=\"wc-block-grid__product-link\">\n\t\t\t\t\t\n\t\t\t\t\t<div class=\"wc-block-grid__product-image\"><img loading=\"lazy\" decoding=\"async\" width=\"200\" height=\"283\" src=\"http:\/\/siskim.com\/silis-kum\/wp-content\/uploads\/2019\/10\/siskim-silis-kum-akvaryum-kumu-7-2.jpg\" class=\"attachment-woocommerce_thumbnail size-woocommerce_thumbnail\" alt=\"Tamir Harc\u0131\" \/><\/div>\n\t\t\t\t\t<div class=\"wc-block-grid__product-title\">Tamir Harc\u0131<\/div>\n\t\t\t\t<\/a>\n\t\t\t\t<div class=\"wc-block-grid__product-price price\"><\/div>\n\t\t\t\t\n\t\t\t\t<div class=\"wp-block-button wc-block-grid__product-add-to-cart\"><a href=\"http:\/\/siskim.com\/silis-kum\/product\/tamir-harci\/\" aria-label=\"&ldquo;Tamir Harc\u0131&rdquo; hakk\u0131nda daha fazla bilgi edinin\" data-quantity=\"1\" data-product_id=\"156\" data-product_sku=\"\" data-price=\"0\" rel=\"nofollow\" class=\"wp-block-button__link  add_to_cart_button\">Devam\u0131n\u0131 oku<\/a><\/div>\n\t\t\t<\/li><li class=\"wc-block-grid__product\">\n\t\t\t\t<a href=\"http:\/\/siskim.com\/silis-kum\/product\/fuga-derz-dolgu\/\" class=\"wc-block-grid__product-link\">\n\t\t\t\t\t\n\t\t\t\t\t<div class=\"wc-block-grid__product-image\"><img loading=\"lazy\" decoding=\"async\" width=\"200\" height=\"281\" src=\"http:\/\/siskim.com\/silis-kum\/wp-content\/uploads\/2019\/10\/siskim-silis-kum-akvaryum-kumu-4-3.jpg\" class=\"attachment-woocommerce_thumbnail size-woocommerce_thumbnail\" alt=\"Fuga Derz Dolgu\" \/><\/div>\n\t\t\t\t\t<div class=\"wc-block-grid__product-title\">Fuga Derz Dolgu<\/div>\n\t\t\t\t<\/a>\n\t\t\t\t<div class=\"wc-block-grid__product-price price\"><\/div>\n\t\t\t\t\n\t\t\t\t<div class=\"wp-block-button wc-block-grid__product-add-to-cart\"><a href=\"http:\/\/siskim.com\/silis-kum\/product\/fuga-derz-dolgu\/\" aria-label=\"&ldquo;Fuga Derz Dolgu&rdquo; hakk\u0131nda daha fazla bilgi edinin\" data-quantity=\"1\" data-product_id=\"154\" data-product_sku=\"\" data-price=\"0\" rel=\"nofollow\" class=\"wp-block-button__link  add_to_cart_button\">Devam\u0131n\u0131 oku<\/a><\/div>\n\t\t\t<\/li><li class=\"wc-block-grid__product\">\n\t\t\t\t<a href=\"http:\/\/siskim.com\/silis-kum\/product\/gaz-beton-bims-ve-tugla-yapistirici\/\" class=\"wc-block-grid__product-link\">\n\t\t\t\t\t\n\t\t\t\t\t<div class=\"wc-block-grid__product-image\"><img loading=\"lazy\" decoding=\"async\" width=\"200\" height=\"282\" src=\"http:\/\/siskim.com\/silis-kum\/wp-content\/uploads\/2019\/10\/siskim-silis-kum-akvaryum-kumu-8-2.jpg\" class=\"attachment-woocommerce_thumbnail size-woocommerce_thumbnail\" alt=\"Gaz Beton Bims ve Tu\u011fla Yap\u0131\u015ft\u0131r\u0131c\u0131\" \/><\/div>\n\t\t\t\t\t<div class=\"wc-block-grid__product-title\">Gaz Beton Bims ve Tu\u011fla Yap\u0131\u015ft\u0131r\u0131c\u0131<\/div>\n\t\t\t\t<\/a>\n\t\t\t\t<div class=\"wc-block-grid__product-price price\"><\/div>\n\t\t\t\t\n\t\t\t\t<div class=\"wp-block-button wc-block-grid__product-add-to-cart\"><a href=\"http:\/\/siskim.com\/silis-kum\/product\/gaz-beton-bims-ve-tugla-yapistirici\/\" aria-label=\"&ldquo;Gaz Beton Bims ve Tu\u011fla Yap\u0131\u015ft\u0131r\u0131c\u0131&rdquo; hakk\u0131nda daha fazla bilgi edinin\" data-quantity=\"1\" data-product_id=\"112\" data-product_sku=\"\" data-price=\"0\" rel=\"nofollow\" class=\"wp-block-button__link  add_to_cart_button\">Devam\u0131n\u0131 oku<\/a><\/div>\n\t\t\t<\/li><\/ul><\/div>","protected":false},"excerpt":{"rendered":"","protected":false},"author":1,"featured_media":0,"parent":0,"menu_order":0,"comment_status":"closed","ping_status":"closed","template":"","meta":{"footnotes":""},"class_list":["post-13","page","type-page","status-publish","hentry","show-image"],"_links":{"self":[{"href":"http:\/\/siskim.com\/silis-kum\/wp-json\/wp\/v2\/pages\/13","targetHints":{"allow":["GET"]}}],"collection":[{"href":"http:\/\/siskim.com\/silis-kum\/wp-json\/wp\/v2\/pages"}],"about":[{"href":"http:\/\/siskim.com\/silis-kum\/wp-json\/wp\/v2\/types\/page"}],"author":[{"embeddable":true,"href":"http:\/\/siskim.com\/silis-kum\/wp-json\/wp\/v2\/users\/1"}],"replies":[{"embeddable":true,"href":"http:\/\/siskim.com\/silis-kum\/wp-json\/wp\/v2\/comments?post=13"}],"version-history":[{"count":0,"href":"http:\/\/siskim.com\/silis-kum\/wp-json\/wp\/v2\/pages\/13\/revisions"}],"wp:attachment":[{"href":"http:\/\/siskim.com\/silis-kum\/wp-json\/wp\/v2\/media?parent=13"}],"curies":[{"name":"wp","href":"https:\/\/api.w.org\/{rel}","templated":true}]}}