{"id":180,"date":"2019-11-01T13:55:49","date_gmt":"2019-11-01T10:55:49","guid":{"rendered":"http:\/\/siskim.com\/silis-kum\/?post_type=product&#038;p=180"},"modified":"2019-11-01T15:19:18","modified_gmt":"2019-11-01T12:19:18","slug":"isi-yalitim-levha-yapistirici","status":"publish","type":"product","link":"http:\/\/siskim.com\/silis-kum\/product\/isi-yalitim-levha-yapistirici\/","title":{"rendered":"Is\u0131 Yal\u0131t\u0131m Levha Yap\u0131\u015ft\u0131r\u0131c\u0131"},"content":{"rendered":"<p><strong>Is\u0131 Yal\u0131t\u0131m Levha Yap\u0131\u015ft\u0131r\u0131c\u0131<\/strong><\/p>\n<p><img loading=\"lazy\" decoding=\"async\" src=\"http:\/\/siskim.com\/silis-kum\/wp-content\/uploads\/2019\/11\/siskim-silis-kum-akvaryum-kumu-5-1-213x300.jpg\" alt=\"\" width=\"213\" height=\"300\" class=\"alignnone size-medium wp-image-183\" \/><\/p>\n<p><strong>\u00dcr\u00fcn Tan\u0131m\u0131 :<\/strong><\/p>\n<p>\u00c7imento esasl\u0131, \u00f6zel tane boyutunda dolgu, \u00fcr\u00fcn performans\u0131n\u0131 ve i\u015flenebilirli\u011fini artt\u0131r\u0131c\u0131 polimer katk\u0131lar i\u00e7eren tek bile\u015fenli \u0131s\u0131 yal\u0131t\u0131m plakas\u0131.<\/p>\n<p>Yap\u0131\u015ft\u0131rma harc\u0131<\/p>\n<p>Y\u00fcksek yap\u0131\u015ft\u0131rma g\u00fcc\u00fc.<\/p>\n<p>Uygulamada kolayl\u0131k.<\/p>\n<p><strong>Uygulama Alanlar\u0131 :<\/strong><\/p>\n<ul>\n<li>Binalar\u0131n i\u00e7 veya d\u0131\u015f cephelerine uygulanan polistiren \u0131s\u0131 yal\u0131t\u0131m plakalar\u0131n\u0131n yap\u0131\u015ft\u0131r\u0131lmas\u0131nda,<\/li>\n<li>Beton, s\u0131va, \u015fap, tu\u011fla gibi y\u00fczeyler \u00fczerine.<\/li>\n<\/ul>\n<p><strong>Teknik \u00d6zellikler :<\/strong><\/p>\n<p><strong>G\u00f6r\u00fcn\u00fcm :<\/strong> Gri renkli toz<\/p>\n<p><strong>Uygulama S\u0131cakl\u0131\u011f\u0131 :<\/strong> +5\u00b0C \/ +35\u00b0C<\/p>\n<p><strong>Kar\u0131\u015f\u0131m Oran\u0131 :<\/strong> 5-5,5 lt. su \/25 kg toz.<\/p>\n<p><strong>Kabuklama S\u00fcresi :<\/strong> 15-20 dakika<\/p>\n<p><strong>Kap \u00d6mr\u00fc :<\/strong> 3 saat<\/p>\n<p><strong>T\u00fcketim :<\/strong> Ortalama 4-5 kg\/m<\/p>\n<p><strong>Raf \u00d6mr\u00fc :<\/strong> A\u00e7\u0131lmam\u0131\u015f ambalaj\u0131nda kuru ortamda 12 ay<\/p>\n<p><strong>Esneklik :<\/strong> Orta<\/p>\n<p><strong>Uygulama Talimat\u0131 :<\/strong><\/p>\n<ul>\n<li>Y\u00fczeyin k\u00fcr\u00fcn\u00fc alm\u0131\u015f ve sa\u011flam olmas\u0131na dikkat ediniz.<\/li>\n<li>Y\u00fczeyi yap\u0131\u015fmay\u0131 \u00f6nleyecek kal\u0131nt\u0131lardan ar\u0131nd\u0131r\u0131n\u0131z.<\/li>\n<li>25 kg. toz harc\u0131 5-5,5 lt. su \u00fczeirne yava\u015fca bo\u015faltarak topak kalmay\u0131ncaya kadar kar\u0131\u015ft\u0131r\u0131n\u0131z. (Kar\u0131\u015f\u0131m i\u00e7in d\u00fc\u015f\u00fck devirli mikser kullanabilirsiniz.)<\/li>\n<li>Harc\u0131 olgunla\u015fmas\u0131 i\u00e7in 5-10 dakika dinlendiriniz uygulamaya ba\u015flamadan tekrar kar\u0131\u015ft\u0131r\u0131n\u0131z.<\/li>\n<li>Y\u00fczeyde seviye farkl\u0131l\u0131klar\u0131 varsa; harc\u0131 izolasyon plakas\u0131n\u0131n arkas\u0131na t\u00fcm kenarlar boyunca (yakla\u015f\u0131k 5cm. geni\u015fli\u011finde) kesintisiz olarak, orta k\u0131sm\u0131na ise noktalama \u015feklinde s\u00fcr\u00fcn\u00fcz ve bast\u0131rarak duvara yap\u0131\u015ft\u0131r\u0131n\u0131z. (E\u011fer y\u00fczey d\u00fczg\u00fcn ise; yap\u0131\u015ft\u0131rma harc\u0131 plakalar arkas\u0131na taraklama y\u00f6ntemi ile uygulanabilir.)<\/li>\n<li>Is\u0131 yal\u0131t\u0131m plakalar\u0131n\u0131n yanlar\u0131ndan ta\u015fan yap\u0131\u015ft\u0131rma harc\u0131n\u0131 temizleyerek levhalar aras\u0131nda bo\u015fluk kalmamas\u0131na dikkat ediniz.<\/li>\n<li>Yap\u0131\u015ft\u0131rma i\u015flemi s\u0131ras\u0131nda plakalar\u0131n ayn\u0131 seviyede olup olmad\u0131\u011f\u0131n\u0131 mastar veya su terazisi ile kontrol ediniz.<\/li>\n<li>Haz\u0131rlanan harc\u0131 3 saat i\u00e7erisinde t\u00fcketiniz, kullan\u0131m s\u00fcresi ge\u00e7mi\u015f harc\u0131 at\u0131n\u0131z.<\/li>\n<li>Ortam s\u0131cakl\u0131\u011f\u0131na ve y\u00fczey \u00f6zelliklerine ba\u011fl\u0131 olarak mekanik d\u00fcbelleme i\u015flemini en az 24 saat sonra yap\u0131n\u0131z.<\/li>\n<\/ul>\n<p><strong>Uyar\u0131lar :<\/strong><\/p>\n<ul>\n<li>\u00c7imento esasl\u0131 oldu\u011fundan tozunu solumay\u0131n\u0131z, cilde ve g\u00f6ze temas ettirmeyiniz.<\/li>\n<li>Uygulama talimat\u0131nda belirtilmeyen herhangi bir katk\u0131 katmay\u0131n\u0131z.<\/li>\n<li>En fazla 10 kat istifle kuru ortamda depolay\u0131n\u0131z.<\/li>\n<li>Yukar\u0131daki de\u011ferler 23\u00b0C \u00b1 2 s\u0131cakl\u0131k ve %50 \u00b15 nemli ortam ko\u015fullar\u0131 i\u00e7in verilmi\u015ftir. Ortam ko\u015fullar\u0131na ba\u011fl\u0131 olarak bu de\u011ferler de\u011fi\u015febilir.<\/li>\n<\/ul>\n<p>&nbsp;<\/p>\n<p>&nbsp;<\/p>\n<p><img loading=\"lazy\" decoding=\"async\" src=\"http:\/\/siskim.com\/silis-kum\/wp-content\/uploads\/2019\/11\/siskim-silis-kum-akvaryum-kumu-5-1-1-300x225.jpg\" alt=\"\" width=\"300\" height=\"225\" class=\"alignnone size-medium wp-image-184\" \/><\/p>\n<p>&nbsp;<\/p>\n<p>&nbsp;<\/p>\n<p>&nbsp;<\/p>\n","protected":false},"excerpt":{"rendered":"<p>Is\u0131 Yal\u0131t\u0131m Levha Yap\u0131\u015ft\u0131r\u0131c\u0131 \u00dcr\u00fcn Tan\u0131m\u0131 : \u00c7imento esasl\u0131, \u00f6zel tane boyutunda dolgu, \u00fcr\u00fcn performans\u0131n\u0131 ve i\u015flenebilirli\u011fini artt\u0131r\u0131c\u0131 polimer katk\u0131lar i\u00e7eren tek bile\u015fenli \u0131s\u0131 yal\u0131t\u0131m plakas\u0131. Yap\u0131\u015ft\u0131rma harc\u0131 Y\u00fcksek yap\u0131\u015ft\u0131rma g\u00fcc\u00fc. Uygulamada kolayl\u0131k. Uygulama Alanlar\u0131 : Binalar\u0131n i\u00e7 veya d\u0131\u015f<a class=\"main-btn main-btn-primary main-btn-small moretag\" href=\"http:\/\/siskim.com\/silis-kum\/product\/isi-yalitim-levha-yapistirici\/\"> Read More<\/a><\/p>\n","protected":false},"featured_media":182,"comment_status":"open","ping_status":"closed","template":"","meta":[],"product_cat":[19],"product_tag":[28,57,22,61,32,33,48,55,50,36,31,21,37,35,54,41,53,43,45,62,38,27,60,29,47,44,39,56,40,59,30,25,49,52,42,51,34,23,46,26,24,58],"class_list":{"0":"post-180","1":"product","2":"type-product","3":"status-publish","4":"has-post-thumbnail","6":"product_cat-siskim","7":"product_tag-akvaryum","8":"product_tag-beton","9":"product_tag-bims","10":"product_tag-cimento","11":"product_tag-derz","12":"product_tag-dolgu","13":"product_tag-elyaf","14":"product_tag-elyafli","15":"product_tag-fayans","16":"product_tag-flex","17":"product_tag-fuga","18":"product_tag-gazbeton","19":"product_tag-granit","20":"product_tag-harci","21":"product_tag-hazir","22":"product_tag-iki-bilesenli","23":"product_tag-ince","24":"product_tag-izolasyon","25":"product_tag-isi","26":"product_tag-kalekim","27":"product_tag-karo","28":"product_tag-kimyasal","29":"product_tag-kozan","30":"product_tag-kum","31":"product_tag-levha","32":"product_tag-malzeme","33":"product_tag-mermer","34":"product_tag-perlitli","35":"product_tag-seramik","36":"product_tag-sertlestirici","37":"product_tag-silis","38":"product_tag-siskim","39":"product_tag-siva","40":"product_tag-standart","41":"product_tag-su","42":"product_tag-super","43":"product_tag-tamir","44":"product_tag-tugla","45":"product_tag-yalitim","46":"product_tag-yapi","47":"product_tag-yapistirici","48":"product_tag-yuzey","49":"show-image","51":"first","52":"instock","53":"taxable","54":"shipping-taxable","55":"product-type-simple"},"_links":{"self":[{"href":"http:\/\/siskim.com\/silis-kum\/wp-json\/wp\/v2\/product\/180","targetHints":{"allow":["GET"]}}],"collection":[{"href":"http:\/\/siskim.com\/silis-kum\/wp-json\/wp\/v2\/product"}],"about":[{"href":"http:\/\/siskim.com\/silis-kum\/wp-json\/wp\/v2\/types\/product"}],"replies":[{"embeddable":true,"href":"http:\/\/siskim.com\/silis-kum\/wp-json\/wp\/v2\/comments?post=180"}],"wp:featuredmedia":[{"embeddable":true,"href":"http:\/\/siskim.com\/silis-kum\/wp-json\/wp\/v2\/media\/182"}],"wp:attachment":[{"href":"http:\/\/siskim.com\/silis-kum\/wp-json\/wp\/v2\/media?parent=180"}],"wp:term":[{"taxonomy":"product_cat","embeddable":true,"href":"http:\/\/siskim.com\/silis-kum\/wp-json\/wp\/v2\/product_cat?post=180"},{"taxonomy":"product_tag","embeddable":true,"href":"http:\/\/siskim.com\/silis-kum\/wp-json\/wp\/v2\/product_tag?post=180"}],"curies":[{"name":"wp","href":"https:\/\/api.w.org\/{rel}","templated":true}]}}